{"id":19924,"date":"2023-11-05T19:23:05","date_gmt":"2023-11-05T18:23:05","guid":{"rendered":"https:\/\/new.his.ch\/?page_id=19924"},"modified":"2024-01-01T19:10:45","modified_gmt":"2024-01-01T18:10:45","slug":"impressum","status":"publish","type":"page","link":"https:\/\/new.his.ch\/en\/impressum\/","title":{"rendered":"Elementor #19924"},"content":{"rendered":"<div data-elementor-type=\"wp-page\" data-elementor-id=\"19924\" class=\"elementor elementor-19924\" data-elementor-settings=\"[]\">\n\t\t\t\t\t\t<div class=\"elementor-inner\">\n\t\t\t\t\t\t\t<div class=\"elementor-section-wrap\">\n\t\t\t\t\t\t\t<section class=\"elementor-section elementor-top-section elementor-element elementor-element-43e4a57 elementor-section-boxed elementor-section-height-default elementor-section-height-default sc_fly_static\" data-id=\"43e4a57\" data-element_type=\"section\">\n\t\t\t\t\t\t<div class=\"elementor-container elementor-column-gap-extended\">\n\t\t\t\t\t\t\t<div class=\"elementor-row\">\n\t\t\t\t\t<div class=\"elementor-column elementor-col-100 elementor-top-column elementor-element elementor-element-5a8b640 sc_inner_width_none sc_content_align_inherit sc_layouts_column_icons_position_left sc_fly_static\" data-id=\"5a8b640\" data-element_type=\"column\">\n\t\t\t<div class=\"elementor-column-wrap elementor-element-populated\">\n\t\t\t\t\t\t\t<div class=\"elementor-widget-wrap\">\n\t\t\t\t\t\t<div class=\"elementor-element elementor-element-c4dcbdb sc_fly_static elementor-widget elementor-widget-text-editor\" data-id=\"c4dcbdb\" data-element_type=\"widget\" data-widget_type=\"text-editor.default\">\n\t\t\t\t<div class=\"elementor-widget-container\">\n\t\t\t\t\t\t\t\t<div class=\"elementor-text-editor elementor-clearfix\">\n\t\t\t\t<p>Disclaimer&nbsp;<\/p>\n<div>1.)&nbsp;&nbsp; Haftungsausschluss: HIS Holding AG, HIS Consultants AG und<br>HIS Engineering AG, nachfolgend als HIS Gruppe, wir oder uns bezeichnet,&nbsp;<br>\u00fcbernimmt keinerlei&nbsp;<span style=\"font-size: 18px; background-color: var(--theme-color-bg_color); color: var(--theme-color-text); letter-spacing: 0.1px;\">Gew\u00e4hrleistung oder Haftung f\u00fcr die Richtigkeit, Vollst\u00e4ndigkeit und<\/span><\/div>\n<div>Aktualit\u00e4t der auf dieser Webseite dargestellten bzw. publizierten Inhalte.<\/div>\n<div>Dies gilt insbesondere (aber nicht nur) f\u00fcr auf dieser Webseite publizierte<\/div>\n<div>Preise, Konditionen und Produktebeschreibungen.<\/div>\n<div>&nbsp;<\/div>\n<div>2.)&nbsp;&nbsp; Unverbindlichkeit der Inhalte: \u00abDie auf dieser Webseite publizierten<\/div>\n<div>Preise und Konditionen stellen keine rechtsverbindliche Offerte dar, sondern<\/div>\n<div>dienen lediglich informativen Zwecken oder als Grundlage f\u00fcr<\/div>\n<div>Vertragsverhandlungen.Die HIS Gruppe erachtet Offerten nur dort als<\/div>\n<div>rechtsverbindlich, die klar als solche bezeichnet sind, die<\/div>\n<div>sich pers\u00f6nlich an den Kunden bzw. Partner richten, die mit den erforderlichen<\/div>\n<div>Unterschriften versehen wurden und die nicht offensichtlich fehlerhaft sind.\u00bb<\/div>\n<div>&nbsp;<\/div>\n<div>3.)&nbsp;&nbsp; Recht auf \u00c4nderung bzw. keine Verpflichtung zum L\u00f6schen von Inhalten:<\/div>\n<div>\u00abDie auf dieser Webseite publizierten Inhalte k\u00f6nnen jederzeit und<\/div>\n<div>ohne (vorherige oder nachtr\u00e4gliche) Mitteilung an den Kunden bzw. Partner<\/div>\n<div>ge\u00e4ndert oder entfernt werden. Dies gilt insbesondere (aber nicht nur) f\u00fcr<\/div>\n<div>Preise, Konditionen und&nbsp;<span style=\"font-size: 18px; background-color: var(--theme-color-bg_color); color: var(--theme-color-text); letter-spacing: 0.1px;\">Produktebeschreibungen. Die HIS Gruppe ist jedoch nicht&nbsp;<\/span><br><span style=\"font-size: 18px; background-color: var(--theme-color-bg_color); color: var(--theme-color-text); letter-spacing: 0.1px;\">verpflichtet,&nbsp;<\/span><span style=\"font-size: 18px; background-color: var(--theme-color-bg_color); color: var(--theme-color-text); letter-spacing: 0.1px;\">fehlerhafte oder nicht mehr aktuelle Inhalte umgehend von der Webseite zu<\/span><\/div>\n<div>entfernen oder besonders als solche zu kennzeichnen.\u00bb<\/div>\n<p><\/p>\n<p>Betreiber dieser Website<\/p>\n<p>HIS Holding AG<br>Flurstrasse 32<br>CH-8048 Z\u00fcrich<br>T: +41 44 445 69 69<br><a href=\"mailto:info@his.ch\">info@his.ch<\/a><\/p>\n<p>UID: CHE-112.674.884<br>CH-ID: CH17030289558<\/p>\n<p><strong>Fotografie<\/strong><br><a href=\"https:\/\/www.reichenbach-bildwelten.ch\/\" target=\"_blank\" rel=\"noopener\">Christian Reichenbach Bildwelten<\/a><\/p>\n<p><\/p>\t\t\t\t\t<\/div>\n\t\t\t\t\t\t<\/div>\n\t\t\t\t<\/div>\n\t\t\t\t\t\t<\/div>\n\t\t\t\t\t<\/div>\n\t\t<\/div>\n\t\t\t\t\t\t\t\t<\/div>\n\t\t\t\t\t<\/div>\n\t\t<\/section>\n\t\t\t\t\t\t<\/div>\n\t\t\t\t\t\t<\/div>\n\t\t\t\t\t<\/div>","protected":false},"excerpt":{"rendered":"<p>Disclaimer&nbsp; 1.)&nbsp;&nbsp; Haftungsausschluss: HIS Holding AG, HIS Consultants AG undHIS Engineering AG, nachfolgend als HIS Gruppe, wir oder uns bezeichnet,&nbsp;\u00fcbernimmt keinerlei&nbsp;Gew\u00e4hrleistung oder Haftung f\u00fcr die Richtigkeit, Vollst\u00e4ndigkeit und Aktualit\u00e4t der&hellip;<\/p>","protected":false},"author":2,"featured_media":0,"parent":0,"menu_order":0,"comment_status":"closed","ping_status":"closed","template":"","meta":{"footnotes":""},"class_list":["post-19924","page","type-page","status-publish","hentry"],"_links":{"self":[{"href":"https:\/\/new.his.ch\/en\/wp-json\/wp\/v2\/pages\/19924","targetHints":{"allow":["GET"]}}],"collection":[{"href":"https:\/\/new.his.ch\/en\/wp-json\/wp\/v2\/pages"}],"about":[{"href":"https:\/\/new.his.ch\/en\/wp-json\/wp\/v2\/types\/page"}],"author":[{"embeddable":true,"href":"https:\/\/new.his.ch\/en\/wp-json\/wp\/v2\/users\/2"}],"replies":[{"embeddable":true,"href":"https:\/\/new.his.ch\/en\/wp-json\/wp\/v2\/comments?post=19924"}],"version-history":[{"count":9,"href":"https:\/\/new.his.ch\/en\/wp-json\/wp\/v2\/pages\/19924\/revisions"}],"predecessor-version":[{"id":20117,"href":"https:\/\/new.his.ch\/en\/wp-json\/wp\/v2\/pages\/19924\/revisions\/20117"}],"wp:attachment":[{"href":"https:\/\/new.his.ch\/en\/wp-json\/wp\/v2\/media?parent=19924"}],"curies":[{"name":"wp","href":"https:\/\/api.w.org\/{rel}","templated":true}]}}